{"id":9,"date":"2018-01-03T10:28:34","date_gmt":"2018-01-03T10:28:34","guid":{"rendered":"http:\/\/www.cabanaspucon.com\/?page_id=9"},"modified":"2026-01-24T16:49:30","modified_gmt":"2026-01-24T16:49:30","slug":"contact","status":"publish","type":"page","link":"https:\/\/www.cabanaspucon.com\/?page_id=9","title":{"rendered":"Contacto"},"content":{"rendered":"<h2 align=\"center\">\u00a0<\/h2>\n<p style=\"text-align: center;\"><span style=\"font-family: Cormorant;\"><a href=\"https:\/\/wa.me\/+56992151559\"><span style=\"font-size: 10pt;\">PULSAR AQUI ENVIAR WHATSAPP <br \/><\/span><\/a><a href=\"https:\/\/wa.me\/+56992151559\"><img loading=\"lazy\" decoding=\"async\" class=\"alignnone wp-image-254 aligncenter\" src=\"http:\/\/www.cabanaspucon.com\/wp-content\/uploads\/2022\/01\/Whatsapp.jpg\" alt=\"\" width=\"35\" height=\"34\" srcset=\"https:\/\/www.cabanaspucon.com\/wp-content\/uploads\/2022\/01\/Whatsapp.jpg 225w, https:\/\/www.cabanaspucon.com\/wp-content\/uploads\/2022\/01\/Whatsapp-150x150.jpg 150w, https:\/\/www.cabanaspucon.com\/wp-content\/uploads\/2022\/01\/Whatsapp-100x100.jpg 100w\" sizes=\"(max-width: 35px) 100vw, 35px\" \/><\/a><\/span><\/p>\n<p style=\"text-align: center;\">Puc<em>\u00f3<\/em>n se llena, no se quede sin su Caba\u00f1a en Puc\u00f3n<\/p>\n<h2 align=\"center\">Caba\u00f1as Pomerania en Puc\u00f3n<\/h2>\n<p style=\"text-align: center;\">KM 2.1 CAMINO AL VOLCAN, PUCON<\/p>\n<p><img loading=\"lazy\" decoding=\"async\" class=\" wp-image-708 aligncenter\" src=\"http:\/\/www.cabanaspucon.com\/wp-content\/uploads\/2026\/01\/CABANAS-EN-PUCON-300x300.jpg\" alt=\"\" width=\"381\" height=\"381\" srcset=\"https:\/\/www.cabanaspucon.com\/wp-content\/uploads\/2026\/01\/CABANAS-EN-PUCON-300x300.jpg 300w, https:\/\/www.cabanaspucon.com\/wp-content\/uploads\/2026\/01\/CABANAS-EN-PUCON-150x150.jpg 150w, https:\/\/www.cabanaspucon.com\/wp-content\/uploads\/2026\/01\/CABANAS-EN-PUCON-100x100.jpg 100w, https:\/\/www.cabanaspucon.com\/wp-content\/uploads\/2026\/01\/CABANAS-EN-PUCON.jpg 500w\" sizes=\"(max-width: 381px) 100vw, 381px\" \/><\/p>\n<p><img loading=\"lazy\" decoding=\"async\" class=\"alignnone  wp-image-270 alignleft\" src=\"http:\/\/www.cabanaspucon.com\/wp-content\/uploads\/2022\/01\/Telefono-Cabanas-Pucon.jpg\" alt=\"\" width=\"43\" height=\"30\" \/><a style=\"font-size: revert;\" href=\".\">+56992151559<\/a><\/p>\n<p><a href=\"https:\/\/wa.me\/+56992151559\"><img loading=\"lazy\" decoding=\"async\" class=\"alignnone wp-image-254\" src=\"http:\/\/www.cabanaspucon.com\/wp-content\/uploads\/2022\/01\/Whatsapp.jpg\" alt=\"\" width=\"35\" height=\"34\" srcset=\"https:\/\/www.cabanaspucon.com\/wp-content\/uploads\/2022\/01\/Whatsapp.jpg 225w, https:\/\/www.cabanaspucon.com\/wp-content\/uploads\/2022\/01\/Whatsapp-150x150.jpg 150w, https:\/\/www.cabanaspucon.com\/wp-content\/uploads\/2022\/01\/Whatsapp-100x100.jpg 100w\" sizes=\"(max-width: 35px) 100vw, 35px\" \/><\/a>\u00a0<a href=\"https:\/\/wa.me\/+56992151559\">Enviar Whatsapp<\/a><\/p>\n<p><img loading=\"lazy\" decoding=\"async\" class=\"alignnone  wp-image-272\" src=\"http:\/\/www.cabanaspucon.com\/wp-content\/uploads\/2022\/01\/Email-Cabanas-Pucon.jpg\" alt=\"\" width=\"33\" height=\"26\" \/> <span style=\"font-size: 14pt;\">contacto@cabanaspucon.com<\/span><\/p>\n<p style=\"text-align: left;\">\u00a0<\/p>\n\n\n<p><\/p>\n","protected":false},"excerpt":{"rendered":"<p>\u00a0 PULSAR AQUI ENVIAR WHATSAPP Puc\u00f3n se llena, no se quede sin su Caba\u00f1a en Puc\u00f3n Caba\u00f1as Pomerania en Puc\u00f3n KM 2.1 CAMINO AL VOLCAN, PUCON +56992151559 \u00a0Enviar Whatsapp contacto@cabanaspucon.com \u00a0<\/p>\n","protected":false},"author":1,"featured_media":0,"parent":0,"menu_order":0,"comment_status":"closed","ping_status":"closed","template":"","meta":{"footnotes":""},"_links":{"self":[{"href":"https:\/\/www.cabanaspucon.com\/index.php?rest_route=\/wp\/v2\/pages\/9"}],"collection":[{"href":"https:\/\/www.cabanaspucon.com\/index.php?rest_route=\/wp\/v2\/pages"}],"about":[{"href":"https:\/\/www.cabanaspucon.com\/index.php?rest_route=\/wp\/v2\/types\/page"}],"author":[{"embeddable":true,"href":"https:\/\/www.cabanaspucon.com\/index.php?rest_route=\/wp\/v2\/users\/1"}],"replies":[{"embeddable":true,"href":"https:\/\/www.cabanaspucon.com\/index.php?rest_route=%2Fwp%2Fv2%2Fcomments&post=9"}],"version-history":[{"count":66,"href":"https:\/\/www.cabanaspucon.com\/index.php?rest_route=\/wp\/v2\/pages\/9\/revisions"}],"predecessor-version":[{"id":773,"href":"https:\/\/www.cabanaspucon.com\/index.php?rest_route=\/wp\/v2\/pages\/9\/revisions\/773"}],"wp:attachment":[{"href":"https:\/\/www.cabanaspucon.com\/index.php?rest_route=%2Fwp%2Fv2%2Fmedia&parent=9"}],"curies":[{"name":"wp","href":"https:\/\/api.w.org\/{rel}","templated":true}]}}