{"id":7,"date":"2018-01-03T10:28:34","date_gmt":"2018-01-03T10:28:34","guid":{"rendered":"http:\/\/www.cabanaspucon.com\/?page_id=7"},"modified":"2026-02-05T23:21:52","modified_gmt":"2026-02-05T23:21:52","slug":"home","status":"publish","type":"page","link":"https:\/\/www.cabanaspucon.com\/","title":{"rendered":"CABA\u00d1AS PUCON BOSQUE NATIVO"},"content":{"rendered":"\n<figure class=\"wp-block-image size-full is-resized\"><img loading=\"lazy\" decoding=\"async\" width=\"500\" height=\"500\" src=\"http:\/\/www.cabanaspucon.com\/wp-content\/uploads\/2026\/01\/CABANAS-EN-PUCON.jpg\" alt=\"\" class=\"wp-image-708\" style=\"width:619px;height:auto\" srcset=\"https:\/\/www.cabanaspucon.com\/wp-content\/uploads\/2026\/01\/CABANAS-EN-PUCON.jpg 500w, https:\/\/www.cabanaspucon.com\/wp-content\/uploads\/2026\/01\/CABANAS-EN-PUCON-300x300.jpg 300w, https:\/\/www.cabanaspucon.com\/wp-content\/uploads\/2026\/01\/CABANAS-EN-PUCON-150x150.jpg 150w, https:\/\/www.cabanaspucon.com\/wp-content\/uploads\/2026\/01\/CABANAS-EN-PUCON-100x100.jpg 100w\" sizes=\"(max-width: 500px) 100vw, 500px\" \/><\/figure>\n\n\n\n<p><\/p>\n\n\n\n<div class=\"wp-block-columns is-layout-flex wp-container-core-columns-is-layout-1 wp-block-columns-is-layout-flex\">\n<div class=\"wp-block-column is-layout-flow wp-block-column-is-layout-flow\"><\/div>\n<\/div>\n\n\n<pre><span style=\"font-family: Cormorant;\"><br \/><a href=\"http:\/\/wa.me\/+56992151559\"><span style=\"font-size: 10pt;\">PULSAR AQUI ENVIAR WHATSAPP  <br \/><img loading=\"lazy\" decoding=\"async\" class=\"wp-image-254 alignleft\" src=\"http:\/\/www.cabanaspucon.com\/wp-content\/uploads\/2022\/01\/Whatsapp.jpg\" alt=\"\" width=\"45\" height=\"44\" srcset=\"https:\/\/www.cabanaspucon.com\/wp-content\/uploads\/2022\/01\/Whatsapp.jpg 225w, https:\/\/www.cabanaspucon.com\/wp-content\/uploads\/2022\/01\/Whatsapp-150x150.jpg 150w, https:\/\/www.cabanaspucon.com\/wp-content\/uploads\/2022\/01\/Whatsapp-100x100.jpg 100w\" sizes=\"(max-width: 45px) 100vw, 45px\" \/><br \/><span style=\"font-size: 22px;\"><br \/>+56 -992151559<\/span><\/span><\/a><br \/><br \/><\/span><\/pre>\n<h3 class=\"entry-title\" style=\"text-align: center;\"><span style=\"font-size: 12pt;\"><span style=\"font-family: Cormorant; color: #333333;\"><strong><span style=\"font-family: Cormorant; font-size: 18pt; color: #44585e;\">CABA<\/span><span style=\"font-family: Cormorant; font-size: 18pt; color: #44585e;\">\u00d1<\/span><span style=\"font-family: Cormorant; font-size: 18pt; color: #44585e;\">AS EN PUCON EXCLUSIVAMENTE PARA FAMILIAS<\/span><br \/><\/strong><\/span><\/span><\/h3>\n<p><img loading=\"lazy\" decoding=\"async\" class=\"alignnone size-medium wp-image-515\" src=\"http:\/\/www.cabanaspucon.com\/wp-content\/uploads\/2023\/01\/Cabana-en-Pucon-300x225.jpeg\" alt=\"Caba\u00f1a en Pucon\" width=\"300\" height=\"225\" srcset=\"https:\/\/www.cabanaspucon.com\/wp-content\/uploads\/2023\/01\/Cabana-en-Pucon-300x225.jpeg 300w, https:\/\/www.cabanaspucon.com\/wp-content\/uploads\/2023\/01\/Cabana-en-Pucon-1024x768.jpeg 1024w, https:\/\/www.cabanaspucon.com\/wp-content\/uploads\/2023\/01\/Cabana-en-Pucon-768x576.jpeg 768w, https:\/\/www.cabanaspucon.com\/wp-content\/uploads\/2023\/01\/Cabana-en-Pucon.jpeg 1280w\" sizes=\"(max-width: 300px) 100vw, 300px\" \/>\u00a0<img loading=\"lazy\" decoding=\"async\" class=\"alignnone size-medium wp-image-513\" src=\"http:\/\/www.cabanaspucon.com\/wp-content\/uploads\/2023\/01\/Cabanas-en-Pucon-para-ninos-300x225.jpeg\" alt=\"-caba\u00f1as en Pucon para ni\u00f1os\" width=\"300\" height=\"225\" srcset=\"https:\/\/www.cabanaspucon.com\/wp-content\/uploads\/2023\/01\/Cabanas-en-Pucon-para-ninos-300x225.jpeg 300w, https:\/\/www.cabanaspucon.com\/wp-content\/uploads\/2023\/01\/Cabanas-en-Pucon-para-ninos-1024x768.jpeg 1024w, https:\/\/www.cabanaspucon.com\/wp-content\/uploads\/2023\/01\/Cabanas-en-Pucon-para-ninos-768x576.jpeg 768w, https:\/\/www.cabanaspucon.com\/wp-content\/uploads\/2023\/01\/Cabanas-en-Pucon-para-ninos.jpeg 1280w\" sizes=\"(max-width: 300px) 100vw, 300px\" \/> <img loading=\"lazy\" decoding=\"async\" class=\"alignnone size-medium wp-image-682\" src=\"http:\/\/www.cabanaspucon.com\/wp-content\/uploads\/2025\/01\/Columpios-300x225.jpg\" alt=\"\" width=\"300\" height=\"225\" srcset=\"https:\/\/www.cabanaspucon.com\/wp-content\/uploads\/2025\/01\/Columpios-300x225.jpg 300w, https:\/\/www.cabanaspucon.com\/wp-content\/uploads\/2025\/01\/Columpios.jpg 720w\" sizes=\"(max-width: 300px) 100vw, 300px\" \/>\u00a0<img loading=\"lazy\" decoding=\"async\" class=\"alignnone size-medium wp-image-104\" src=\"http:\/\/www.cabanaspucon.com\/wp-content\/uploads\/2018\/01\/Cabanas-Pucon-7-300x225.jpg\" alt=\"\" width=\"300\" height=\"225\" srcset=\"https:\/\/www.cabanaspucon.com\/wp-content\/uploads\/2018\/01\/Cabanas-Pucon-7-300x225.jpg 300w, https:\/\/www.cabanaspucon.com\/wp-content\/uploads\/2018\/01\/Cabanas-Pucon-7-768x576.jpg 768w, https:\/\/www.cabanaspucon.com\/wp-content\/uploads\/2018\/01\/Cabanas-Pucon-7-1024x768.jpg 1024w\" sizes=\"(max-width: 300px) 100vw, 300px\" \/><\/p>\n<h3 style=\"text-align: center;\"><span style=\"color: #44585e;\"><strong>\u00a0<\/strong><\/span><strong> <span style=\"font-family: Cormorant;\"><a href=\"http:\/\/wa.link\/pcrz9x\"><span style=\"font-size: 10pt;\">PULSAR AQUI ENVIAR WHATSAPP <br \/><img loading=\"lazy\" decoding=\"async\" class=\"alignnone  wp-image-254\" src=\"http:\/\/www.cabanaspucon.com\/wp-content\/uploads\/2022\/01\/Whatsapp.jpg\" alt=\"\" width=\"40\" height=\"39\" srcset=\"https:\/\/www.cabanaspucon.com\/wp-content\/uploads\/2022\/01\/Whatsapp.jpg 225w, https:\/\/www.cabanaspucon.com\/wp-content\/uploads\/2022\/01\/Whatsapp-150x150.jpg 150w, https:\/\/www.cabanaspucon.com\/wp-content\/uploads\/2022\/01\/Whatsapp-100x100.jpg 100w\" sizes=\"(max-width: 40px) 100vw, 40px\" \/><\/span><\/a><\/span><\/strong><\/h3>\n<p style=\"text-align: center;\"><span style=\"font-family: Cormorant; font-size: 18pt; color: #44585e;\"><strong>LA BELLEZA DE LA SIMPLICIDAD<\/strong><\/span><\/p>\n<p><img loading=\"lazy\" decoding=\"async\" class=\"alignnone  wp-image-195\" src=\"http:\/\/www.cabanaspucon.com\/wp-content\/uploads\/2018\/01\/cropped-Camino-Pucon-300x180.jpg\" alt=\"\" width=\"600\" height=\"360\" srcset=\"https:\/\/www.cabanaspucon.com\/wp-content\/uploads\/2018\/01\/cropped-Camino-Pucon-300x180.jpg 300w, https:\/\/www.cabanaspucon.com\/wp-content\/uploads\/2018\/01\/cropped-Camino-Pucon-768x460.jpg 768w, https:\/\/www.cabanaspucon.com\/wp-content\/uploads\/2018\/01\/cropped-Camino-Pucon-1024x613.jpg 1024w, https:\/\/www.cabanaspucon.com\/wp-content\/uploads\/2018\/01\/cropped-Camino-Pucon.jpg 2000w\" sizes=\"(max-width: 600px) 100vw, 600px\" \/>\u00a0<img loading=\"lazy\" decoding=\"async\" class=\"alignnone  wp-image-780\" src=\"http:\/\/www.cabanaspucon.com\/wp-content\/uploads\/2026\/01\/Ping-pong2-300x225.avif\" alt=\"\" width=\"308\" height=\"231\" srcset=\"https:\/\/www.cabanaspucon.com\/wp-content\/uploads\/2026\/01\/Ping-pong2-300x225.avif 300w, https:\/\/www.cabanaspucon.com\/wp-content\/uploads\/2026\/01\/Ping-pong2.avif 480w\" sizes=\"(max-width: 308px) 100vw, 308px\" \/>\u00a0<img loading=\"lazy\" decoding=\"async\" class=\"alignnone  wp-image-110\" src=\"http:\/\/www.cabanaspucon.com\/wp-content\/uploads\/2018\/01\/Copigue-Pucon-300x243.jpg\" alt=\"\" width=\"282\" height=\"229\" srcset=\"https:\/\/www.cabanaspucon.com\/wp-content\/uploads\/2018\/01\/Copigue-Pucon-300x243.jpg 300w, https:\/\/www.cabanaspucon.com\/wp-content\/uploads\/2018\/01\/Copigue-Pucon-768x621.jpg 768w, https:\/\/www.cabanaspucon.com\/wp-content\/uploads\/2018\/01\/Copigue-Pucon.jpg 1024w\" sizes=\"(max-width: 282px) 100vw, 282px\" \/>\u00a0\u00a0\u00a0 \u00a0<img loading=\"lazy\" decoding=\"async\" class=\"alignnone wp-image-726 \" src=\"http:\/\/www.cabanaspucon.com\/wp-content\/uploads\/2026\/01\/chao-departamento-e1769261287992-300x224.png\" alt=\"\" width=\"593\" height=\"443\" srcset=\"https:\/\/www.cabanaspucon.com\/wp-content\/uploads\/2026\/01\/chao-departamento-e1769261287992-300x224.png 300w, https:\/\/www.cabanaspucon.com\/wp-content\/uploads\/2026\/01\/chao-departamento-e1769261287992.png 500w\" sizes=\"(max-width: 593px) 100vw, 593px\" \/><\/p>\n<p style=\"text-align: center;\"><span style=\"color: #998675; font-size: 14pt;\"><span style=\"font-family: 'Silk Serif Light', serif; letter-spacing: 0.25pt;\">Caba\u00f1as Pomerania son unas lindas y simples caba\u00f1as en Puc\u00f3n, se encuentran ubicadas a <strong>s<\/strong><\/span><strong><span style=\"font-family: 'Silk Serif Light', serif; letter-spacing: 0.25pt;\">\u00f3<\/span><\/strong><span style=\"font-family: 'Silk Serif Light', serif; letter-spacing: 0.25pt;\"><strong>lo 5 minutos del centro de Puc\u00f3n en auto <\/strong><\/span><\/span><span style=\"color: #998675; font-size: 14pt;\"><span style=\"font-family: 'Silk Serif Light', serif; letter-spacing: 0.25pt;\">las Caba\u00f1as estan en el Km2 Camino al Volc\u00e1n Puc\u00f3n.<\/span><\/span><\/p>\n<h3 class=\"entry-title\" style=\"text-align: center;\"><span style=\"font-family: Cormorant; font-size: 18pt; color: #44585e;\"><strong>\u00a1A CREAR HERMOSOS RECUERDOS EN FAMILIA\u00a0<\/strong><\/span><\/h3>\n<h3 class=\"entry-title\" style=\"text-align: center;\"><span style=\"font-family: Cormorant; font-size: 18pt; color: #44585e;\"><strong>EN MI CABA\u00d1A EN PUC\u00d3N!<\/strong><\/span><\/h3>\n<p style=\"text-align: center;\" align=\"center\"><img loading=\"lazy\" decoding=\"async\" class=\"wp-image-784 alignleft\" src=\"http:\/\/www.cabanaspucon.com\/wp-content\/uploads\/2026\/02\/Photo-246x300.png\" alt=\"\" width=\"254\" height=\"309\" srcset=\"https:\/\/www.cabanaspucon.com\/wp-content\/uploads\/2026\/02\/Photo-246x300.png 246w, https:\/\/www.cabanaspucon.com\/wp-content\/uploads\/2026\/02\/Photo-838x1024.png 838w, https:\/\/www.cabanaspucon.com\/wp-content\/uploads\/2026\/02\/Photo-768x938.png 768w, https:\/\/www.cabanaspucon.com\/wp-content\/uploads\/2026\/02\/Photo.png 1165w\" sizes=\"(max-width: 254px) 100vw, 254px\" \/>\u00a0 <img loading=\"lazy\" decoding=\"async\" class=\"wp-image-753 alignleft\" src=\"http:\/\/www.cabanaspucon.com\/wp-content\/uploads\/2026\/01\/PUCON-CABANA-PARILLA-ASADOS-300x300.png\" alt=\"\" width=\"313\" height=\"313\" srcset=\"https:\/\/www.cabanaspucon.com\/wp-content\/uploads\/2026\/01\/PUCON-CABANA-PARILLA-ASADOS-300x300.png 300w, https:\/\/www.cabanaspucon.com\/wp-content\/uploads\/2026\/01\/PUCON-CABANA-PARILLA-ASADOS-150x150.png 150w, https:\/\/www.cabanaspucon.com\/wp-content\/uploads\/2026\/01\/PUCON-CABANA-PARILLA-ASADOS-100x100.png 100w, https:\/\/www.cabanaspucon.com\/wp-content\/uploads\/2026\/01\/PUCON-CABANA-PARILLA-ASADOS.png 500w\" sizes=\"(max-width: 313px) 100vw, 313px\" \/><\/p>\n<p align=\"center\">\u00a0<\/p>\n<p align=\"center\">\u00a0<\/p>\n<p align=\"center\">\u00a0<\/p>\n<p align=\"center\">\u00a0<\/p>\n<p align=\"center\">\u00a0<\/p>\n<p align=\"center\">\u00a0<\/p>\n<p style=\"text-align: left;\" align=\"center\">Foto sacada por turista<\/p>\n<p style=\"text-align: center;\" align=\"center\"><span style=\"font-family: Cormorant;\"><a href=\"http:\/\/wa.me\/+56992151559\"><span style=\"font-size: 10pt;\">PULSAR AQUI ENVIAR WHATSAPP<\/span><\/a><\/span><\/p>\n<p align=\"center\"><span style=\"font-family: Cormorant;\"><a href=\"http:\/\/wa.me\/+56992151559\"><span style=\"font-size: 10pt;\"><img loading=\"lazy\" decoding=\"async\" class=\"alignnone  wp-image-254\" src=\"http:\/\/www.cabanaspucon.com\/wp-content\/uploads\/2022\/01\/Whatsapp.jpg\" alt=\"\" width=\"67\" height=\"66\" srcset=\"https:\/\/www.cabanaspucon.com\/wp-content\/uploads\/2022\/01\/Whatsapp.jpg 225w, https:\/\/www.cabanaspucon.com\/wp-content\/uploads\/2022\/01\/Whatsapp-150x150.jpg 150w, https:\/\/www.cabanaspucon.com\/wp-content\/uploads\/2022\/01\/Whatsapp-100x100.jpg 100w\" sizes=\"(max-width: 67px) 100vw, 67px\" \/><\/span><\/a><\/span><\/p>\n<p align=\"center\"><span style=\"color: #44585e; font-size: 14pt;\">Cada de nuestras Caba\u00f1as en Puc\u00f3n estan completamente equipadas para 6 personas y tienen dos dormitorios y un ba\u00f1o. Si esta buscando un lugar tranquilo en Puc\u00f3n donde los ni\u00f1os pueden jugar y los padres pueden relajarse aqu\u00ed tiene lo que esta buscando.<\/span><\/p>\n<p align=\"center\"><span style=\"color: #44585e; font-size: 14pt;\">Disfrute su verano en una Caba\u00f1a en Puc\u00f3n en un bosque nativo con jardines, columpios para los ni\u00f1os y parillas para asados.<\/span><\/p>\n<h3 class=\"entry-title\" style=\"text-align: center;\"><span style=\"font-family: Cormorant; font-size: 18pt; color: #44585e;\"><strong>A DORMIR &#8216;<em>COMO UN TRONCO&#8217;<\/em>\u00a0<\/strong><\/span><\/h3>\n<h3 class=\"entry-title\" style=\"text-align: center;\"><span style=\"font-family: Cormorant; font-size: 18pt; color: #44585e;\"><strong><img loading=\"lazy\" decoding=\"async\" class=\"alignnone  wp-image-783\" src=\"http:\/\/www.cabanaspucon.com\/wp-content\/uploads\/2026\/02\/Cabanas-Pomerania-fotos-de-turista-228x300.png\" alt=\"Cabanas en Pucon\" width=\"277\" height=\"364\" srcset=\"https:\/\/www.cabanaspucon.com\/wp-content\/uploads\/2026\/02\/Cabanas-Pomerania-fotos-de-turista-228x300.png 228w, https:\/\/www.cabanaspucon.com\/wp-content\/uploads\/2026\/02\/Cabanas-Pomerania-fotos-de-turista-780x1024.png 780w, https:\/\/www.cabanaspucon.com\/wp-content\/uploads\/2026\/02\/Cabanas-Pomerania-fotos-de-turista-768x1008.png 768w, https:\/\/www.cabanaspucon.com\/wp-content\/uploads\/2026\/02\/Cabanas-Pomerania-fotos-de-turista.png 974w\" sizes=\"(max-width: 277px) 100vw, 277px\" \/> <img loading=\"lazy\" decoding=\"async\" class=\"alignnone  wp-image-460\" src=\"http:\/\/www.cabanaspucon.com\/wp-content\/uploads\/2022\/02\/Estrellas-de-Pucon-200x300.jpg\" alt=\"\" width=\"241\" height=\"362\" srcset=\"https:\/\/www.cabanaspucon.com\/wp-content\/uploads\/2022\/02\/Estrellas-de-Pucon-200x300.jpg 200w, https:\/\/www.cabanaspucon.com\/wp-content\/uploads\/2022\/02\/Estrellas-de-Pucon-683x1024.jpg 683w, https:\/\/www.cabanaspucon.com\/wp-content\/uploads\/2022\/02\/Estrellas-de-Pucon-768x1152.jpg 768w, https:\/\/www.cabanaspucon.com\/wp-content\/uploads\/2022\/02\/Estrellas-de-Pucon.jpg 960w\" sizes=\"(max-width: 241px) 100vw, 241px\" \/> \u00a0<\/strong><\/span><\/h3>\n<h3 class=\"entry-title\" style=\"text-align: center;\"><span style=\"font-family: Cormorant; font-size: 18pt; color: #44585e;\"><strong>A SOLO 5 MINUTOS DEL CENTRO DE PUC\u00d3N<\/strong><\/span><\/h3>\n<p><img loading=\"lazy\" decoding=\"async\" class=\"size-medium wp-image-508 aligncenter\" src=\"http:\/\/www.cabanaspucon.com\/wp-content\/uploads\/2023\/01\/Mapa-Cabanas-Pucon-300x213.png\" alt=\"Caba\u00f1as en Pucon\" width=\"300\" height=\"213\" srcset=\"https:\/\/www.cabanaspucon.com\/wp-content\/uploads\/2023\/01\/Mapa-Cabanas-Pucon-300x213.png 300w, https:\/\/www.cabanaspucon.com\/wp-content\/uploads\/2023\/01\/Mapa-Cabanas-Pucon.png 748w\" sizes=\"(max-width: 300px) 100vw, 300px\" \/><\/p>\n\n\n<p><\/p>\n","protected":false},"excerpt":{"rendered":"<p>PULSAR AQUI ENVIAR WHATSAPP +56 -992151559 CABA\u00d1AS EN PUCON EXCLUSIVAMENTE PARA FAMILIAS \u00a0 \u00a0 \u00a0 PULSAR AQUI ENVIAR WHATSAPP LA BELLEZA DE LA SIMPLICIDAD \u00a0\u00a0\u00a0\u00a0\u00a0 \u00a0 Caba\u00f1as Pomerania son unas lindas y simples caba\u00f1as en Puc\u00f3n, se encuentran ubicadas a s\u00f3lo 5 minutos del centro de Puc\u00f3n en auto las Caba\u00f1as estan en el Km2 &hellip; <\/p>\n<p class=\"link-more\"><a href=\"https:\/\/www.cabanaspucon.com\/\" class=\"more-link\">Continue reading<span class=\"screen-reader-text\"> &#8220;CABA\u00d1AS PUCON BOSQUE NATIVO&#8221;<\/span><\/a><\/p>\n","protected":false},"author":1,"featured_media":0,"parent":0,"menu_order":0,"comment_status":"closed","ping_status":"closed","template":"","meta":{"footnotes":""},"_links":{"self":[{"href":"https:\/\/www.cabanaspucon.com\/index.php?rest_route=\/wp\/v2\/pages\/7"}],"collection":[{"href":"https:\/\/www.cabanaspucon.com\/index.php?rest_route=\/wp\/v2\/pages"}],"about":[{"href":"https:\/\/www.cabanaspucon.com\/index.php?rest_route=\/wp\/v2\/types\/page"}],"author":[{"embeddable":true,"href":"https:\/\/www.cabanaspucon.com\/index.php?rest_route=\/wp\/v2\/users\/1"}],"replies":[{"embeddable":true,"href":"https:\/\/www.cabanaspucon.com\/index.php?rest_route=%2Fwp%2Fv2%2Fcomments&post=7"}],"version-history":[{"count":255,"href":"https:\/\/www.cabanaspucon.com\/index.php?rest_route=\/wp\/v2\/pages\/7\/revisions"}],"predecessor-version":[{"id":789,"href":"https:\/\/www.cabanaspucon.com\/index.php?rest_route=\/wp\/v2\/pages\/7\/revisions\/789"}],"wp:attachment":[{"href":"https:\/\/www.cabanaspucon.com\/index.php?rest_route=%2Fwp%2Fv2%2Fmedia&parent=7"}],"curies":[{"name":"wp","href":"https:\/\/api.w.org\/{rel}","templated":true}]}}